{"id":391,"date":"2024-10-13T17:06:38","date_gmt":"2024-10-13T20:06:38","guid":{"rendered":"https:\/\/moedassociais.com\/?page_id=391"},"modified":"2025-04-13T12:45:54","modified_gmt":"2025-04-13T15:45:54","slug":"cadorg","status":"publish","type":"page","link":"https:\/\/moedassociais.com\/en\/cadorg\/","title":{"rendered":"Partner Organization Registration"},"content":{"rendered":"\n<p>Realize o cadastro de sua organiza\u00e7\u00e3o e torne-se parceiro do Projeto Moedas Sociais Digitais &#8211; MSD e participe de eventos exclusivos e testes de novas ferramentas online utilizando tecnologia <em>blockchain<\/em>.<\/p>\n\n\n\n<div class=\"wpcf7 no-js\" id=\"wpcf7-f396-o1\" lang=\"pt-BR\" dir=\"ltr\" data-wpcf7-id=\"396\">\n<div class=\"screen-reader-response\"><p role=\"status\" aria-live=\"polite\" aria-atomic=\"true\"><\/p> <ul><\/ul><\/div>\n<form action=\"\/en\/wp-json\/wp\/v2\/pages\/391#wpcf7-f396-o1\" method=\"post\" class=\"wpcf7-form init\" aria-label=\"Formul\u00e1rios de contato\" novalidate=\"novalidate\" data-status=\"init\">\n<fieldset class=\"hidden-fields-container\"><input type=\"hidden\" name=\"_wpcf7\" value=\"396\" \/><input type=\"hidden\" name=\"_wpcf7_version\" value=\"6.1.5\" \/><input type=\"hidden\" name=\"_wpcf7_locale\" value=\"pt_BR\" \/><input type=\"hidden\" name=\"_wpcf7_unit_tag\" value=\"wpcf7-f396-o1\" \/><input type=\"hidden\" name=\"_wpcf7_container_post\" value=\"0\" \/><input type=\"hidden\" name=\"_wpcf7_posted_data_hash\" value=\"\" \/>\n<\/fieldset>\n<p><label> Nome da organiza\u00e7\u00e3o *<br \/>\n<span class=\"wpcf7-form-control-wrap\" data-name=\"nome\"><input size=\"40\" maxlength=\"400\" class=\"wpcf7-form-control wpcf7-text wpcf7-validates-as-required\" autocomplete=\"name\" aria-required=\"true\" aria-invalid=\"false\" value=\"\" type=\"text\" name=\"nome\" \/><\/span> <\/label>\n<\/p>\n<p><label> E-mail *<br \/>\n<span class=\"wpcf7-form-control-wrap\" data-name=\"email\"><input size=\"40\" maxlength=\"400\" class=\"wpcf7-form-control wpcf7-email wpcf7-validates-as-required wpcf7-text wpcf7-validates-as-email\" autocomplete=\"email\" aria-required=\"true\" aria-invalid=\"false\" value=\"\" type=\"email\" name=\"email\" \/><\/span> <\/label>\n<\/p>\n<p><label> Website da Organiza\u00e7\u00e3o<br \/>\n<span class=\"wpcf7-form-control-wrap\" data-name=\"website\"><input size=\"40\" maxlength=\"400\" class=\"wpcf7-form-control wpcf7-url wpcf7-text wpcf7-validates-as-url\" aria-invalid=\"false\" value=\"\" type=\"url\" name=\"website\" \/><\/span> <\/label>\n<\/p>\n<p><label> Telefone *<br \/>\n<span class=\"wpcf7-form-control-wrap\" data-name=\"telefone\"><input size=\"40\" maxlength=\"400\" class=\"wpcf7-form-control wpcf7-tel wpcf7-validates-as-required wpcf7-text wpcf7-validates-as-tel\" aria-required=\"true\" aria-invalid=\"false\" value=\"\" type=\"tel\" name=\"telefone\" \/><\/span> <\/label>\n<\/p>\n<p><label> Cidade *<br \/>\n<span class=\"wpcf7-form-control-wrap\" data-name=\"cidade\"><input size=\"40\" maxlength=\"400\" class=\"wpcf7-form-control wpcf7-text wpcf7-validates-as-required\" aria-required=\"true\" aria-invalid=\"false\" value=\"\" type=\"text\" name=\"cidade\" \/><\/span> <\/label><br \/>\n<label> Estado *<br \/>\n<span class=\"wpcf7-form-control-wrap\" data-name=\"estado\"><input size=\"40\" maxlength=\"400\" class=\"wpcf7-form-control wpcf7-text wpcf7-validates-as-required\" aria-required=\"true\" aria-invalid=\"false\" value=\"\" type=\"text\" name=\"estado\" \/><\/span> <\/label><br \/>\n<label> Pa\u00eds *<br \/>\n<span class=\"wpcf7-form-control-wrap\" data-name=\"pais\"><input size=\"40\" maxlength=\"400\" class=\"wpcf7-form-control wpcf7-text wpcf7-validates-as-required\" aria-required=\"true\" aria-invalid=\"false\" value=\"\" type=\"text\" name=\"pais\" \/><\/span> <\/label>\n<\/p>\n<p><label> N\u00famero de Registro da Organiza\u00e7\u00e3o (CNPJ \/ ID) *<br \/>\n<span class=\"wpcf7-form-control-wrap\" data-name=\"registro\"><input size=\"40\" maxlength=\"400\" class=\"wpcf7-form-control wpcf7-text wpcf7-validates-as-required\" aria-required=\"true\" aria-invalid=\"false\" value=\"\" type=\"text\" name=\"registro\" \/><\/span> <\/label>\n<\/p>\n<p><label> Principal \u00c1rea de Atua\u00e7\u00e3o *<br \/>\n<span class=\"wpcf7-form-control-wrap\" data-name=\"area-atuacao\"><input size=\"40\" maxlength=\"400\" class=\"wpcf7-form-control wpcf7-text wpcf7-validates-as-required\" aria-required=\"true\" aria-invalid=\"false\" value=\"\" type=\"text\" name=\"area-atuacao\" \/><\/span> <\/label>\n<\/p>\n<p><label> Endere\u00e7o da Carteira MSD da organiza\u00e7\u00e3o<br \/>\n<span class=\"wpcf7-form-control-wrap\" data-name=\"carteira\"><input size=\"40\" maxlength=\"400\" class=\"wpcf7-form-control wpcf7-text\" aria-invalid=\"false\" placeholder=\"Ex: 3KHXgFroqR58pxMASMgthgGiZAwd9eH4yXY\" value=\"\" type=\"text\" name=\"carteira\" \/><\/span> <\/label>\n<\/p>\n<p><small>N\u00e3o tem carteira? Crie sua carteira gr\u00e1tis na Plataforma MSD, acesse: <a target=\"_blank\" href=\"https:\/\/msd.moedassociais.org\">msd.moedassociais.org<\/a> <\/small>\n<\/p>\n<p><label> Resumo das atividades desenvolvidas pela organiza\u00e7\u00e3o *<br \/>\n<span class=\"wpcf7-form-control-wrap\" data-name=\"resumo-atividade\"><textarea cols=\"40\" rows=\"10\" maxlength=\"2000\" class=\"wpcf7-form-control wpcf7-textarea wpcf7-validates-as-required\" aria-required=\"true\" aria-invalid=\"false\" name=\"resumo-atividade\"><\/textarea><\/span> <\/label>\n<\/p>\n<div class=\"cf-turnstile-wrap\" style=\"padding:10px 0 10px 0\">\n\t<div  class=\"cf-turnstile\" data-sitekey=\"0x4AAAAAAAZZaR_E52nVM0yd\" data-theme=\"auto\">\n\t<\/div>\n<\/div>\n<p><span class='wpcf7-form-control-wrap' data-name='aiowps-captcha'><\/span><br \/>\n<input class=\"wpcf7-form-control wpcf7-submit has-spinner\" type=\"submit\" value=\"Enviar\" \/>\n<\/p><p style=\"display: none !important;\" class=\"akismet-fields-container\" data-prefix=\"_wpcf7_ak_\"><label>&#916;<textarea name=\"_wpcf7_ak_hp_textarea\" cols=\"45\" rows=\"8\" maxlength=\"100\"><\/textarea><\/label><input type=\"hidden\" id=\"ak_js_1\" name=\"_wpcf7_ak_js\" value=\"98\"\/><script type=\"text\/javascript\">\n\/* <![CDATA[ *\/\ndocument.getElementById( \"ak_js_1\" ).setAttribute( \"value\", ( new Date() ).getTime() );\n\/* ]]> *\/\n<\/script>\n<\/p><div class=\"wpcf7-response-output\" aria-hidden=\"true\"><\/div>\n<\/form>\n<\/div>\n\n","protected":false},"excerpt":{"rendered":"<p>Register your organization and become a partner of the Digital Social Currencies Project \u2013 MSD and participate in exclusive events and tests of new online tools using blockchain technology.<\/p>","protected":false},"author":1,"featured_media":461,"parent":0,"menu_order":0,"comment_status":"closed","ping_status":"closed","template":"","meta":{"footnotes":""},"class_list":["post-391","page","type-page","status-publish","has-post-thumbnail","hentry"],"yoast_head":"<!-- This site is optimized with the Yoast SEO plugin v27.5 - https:\/\/yoast.com\/product\/yoast-seo-wordpress\/ -->\n<title>Cadastro de Organiza\u00e7\u00e3o Parceira - Moedas Sociais Digitais<\/title>\n<meta name=\"robots\" content=\"index, follow, max-snippet:-1, max-image-preview:large, max-video-preview:-1\" \/>\n<link rel=\"canonical\" href=\"https:\/\/moedassociais.com\/en\/cadorg\/\" \/>\n<meta property=\"og:locale\" content=\"en_GB\" \/>\n<meta property=\"og:type\" content=\"article\" \/>\n<meta property=\"og:title\" content=\"Cadastro de Organiza\u00e7\u00e3o Parceira - Moedas Sociais Digitais\" \/>\n<meta property=\"og:description\" content=\"Realize o cadastro de sua organiza\u00e7\u00e3o e torne-se parceiro do Projeto Moedas Sociais Digitais &#8211; MSD e participe de eventos exclusivos e testes de novas ferramentas online utilizando tecnologia blockchain.\" \/>\n<meta property=\"og:url\" content=\"https:\/\/moedassociais.com\/en\/cadorg\/\" \/>\n<meta property=\"og:site_name\" content=\"Moedas Sociais Digitais\" \/>\n<meta property=\"article:modified_time\" content=\"2025-04-13T15:45:54+00:00\" \/>\n<meta property=\"og:image\" content=\"https:\/\/moedassociais.com\/wp-content\/uploads\/2025\/04\/MSD-BG-2.jpg\" \/>\n\t<meta property=\"og:image:width\" content=\"1024\" \/>\n\t<meta property=\"og:image:height\" content=\"576\" \/>\n\t<meta property=\"og:image:type\" content=\"image\/jpeg\" \/>\n<meta name=\"twitter:card\" content=\"summary_large_image\" \/>\n<meta name=\"twitter:label1\" content=\"Estimated reading time\" \/>\n\t<meta name=\"twitter:data1\" content=\"1 minute\" \/>\n<script type=\"application\/ld+json\" class=\"yoast-schema-graph\">{\"@context\":\"https:\\\/\\\/schema.org\",\"@graph\":[{\"@type\":\"WebPage\",\"@id\":\"https:\\\/\\\/moedassociais.com\\\/cadorg\\\/\",\"url\":\"https:\\\/\\\/moedassociais.com\\\/cadorg\\\/\",\"name\":\"Cadastro de Organiza\u00e7\u00e3o Parceira - Moedas Sociais Digitais\",\"isPartOf\":{\"@id\":\"http:\\\/\\\/moedassociais.com\\\/#website\"},\"primaryImageOfPage\":{\"@id\":\"https:\\\/\\\/moedassociais.com\\\/cadorg\\\/#primaryimage\"},\"image\":{\"@id\":\"https:\\\/\\\/moedassociais.com\\\/cadorg\\\/#primaryimage\"},\"thumbnailUrl\":\"https:\\\/\\\/moedassociais.com\\\/wp-content\\\/uploads\\\/2025\\\/04\\\/MSD-BG-2.jpg\",\"datePublished\":\"2024-10-13T20:06:38+00:00\",\"dateModified\":\"2025-04-13T15:45:54+00:00\",\"breadcrumb\":{\"@id\":\"https:\\\/\\\/moedassociais.com\\\/cadorg\\\/#breadcrumb\"},\"inLanguage\":\"en-GB\",\"potentialAction\":[{\"@type\":\"ReadAction\",\"target\":[\"https:\\\/\\\/moedassociais.com\\\/cadorg\\\/\"]}]},{\"@type\":\"ImageObject\",\"inLanguage\":\"en-GB\",\"@id\":\"https:\\\/\\\/moedassociais.com\\\/cadorg\\\/#primaryimage\",\"url\":\"https:\\\/\\\/moedassociais.com\\\/wp-content\\\/uploads\\\/2025\\\/04\\\/MSD-BG-2.jpg\",\"contentUrl\":\"https:\\\/\\\/moedassociais.com\\\/wp-content\\\/uploads\\\/2025\\\/04\\\/MSD-BG-2.jpg\",\"width\":1024,\"height\":576},{\"@type\":\"BreadcrumbList\",\"@id\":\"https:\\\/\\\/moedassociais.com\\\/cadorg\\\/#breadcrumb\",\"itemListElement\":[{\"@type\":\"ListItem\",\"position\":1,\"name\":\"In\u00edcio\",\"item\":\"http:\\\/\\\/moedassociais.com\\\/\"},{\"@type\":\"ListItem\",\"position\":2,\"name\":\"Cadastro de Organiza\u00e7\u00e3o Parceira\"}]},{\"@type\":\"WebSite\",\"@id\":\"http:\\\/\\\/moedassociais.com\\\/#website\",\"url\":\"http:\\\/\\\/moedassociais.com\\\/\",\"name\":\"Moedas Sociais Digitais\",\"description\":\"MSD\",\"publisher\":{\"@id\":\"http:\\\/\\\/moedassociais.com\\\/#organization\"},\"potentialAction\":[{\"@type\":\"SearchAction\",\"target\":{\"@type\":\"EntryPoint\",\"urlTemplate\":\"http:\\\/\\\/moedassociais.com\\\/?s={search_term_string}\"},\"query-input\":{\"@type\":\"PropertyValueSpecification\",\"valueRequired\":true,\"valueName\":\"search_term_string\"}}],\"inLanguage\":\"en-GB\"},{\"@type\":\"Organization\",\"@id\":\"http:\\\/\\\/moedassociais.com\\\/#organization\",\"name\":\"Moedas Sociais Digitais\",\"url\":\"http:\\\/\\\/moedassociais.com\\\/\",\"logo\":{\"@type\":\"ImageObject\",\"inLanguage\":\"en-GB\",\"@id\":\"http:\\\/\\\/moedassociais.com\\\/#\\\/schema\\\/logo\\\/image\\\/\",\"url\":\"https:\\\/\\\/moedassociais.com\\\/wp-content\\\/uploads\\\/2023\\\/11\\\/MSD-LOGO-V2.png\",\"contentUrl\":\"https:\\\/\\\/moedassociais.com\\\/wp-content\\\/uploads\\\/2023\\\/11\\\/MSD-LOGO-V2.png\",\"width\":517,\"height\":148,\"caption\":\"Moedas Sociais Digitais\"},\"image\":{\"@id\":\"http:\\\/\\\/moedassociais.com\\\/#\\\/schema\\\/logo\\\/image\\\/\"}}]}<\/script>\n<!-- \/ Yoast SEO plugin. -->","yoast_head_json":{"title":"Partner Organization Registration - Digital Social Currencies","robots":{"index":"index","follow":"follow","max-snippet":"max-snippet:-1","max-image-preview":"max-image-preview:large","max-video-preview":"max-video-preview:-1"},"canonical":"https:\/\/moedassociais.com\/en\/cadorg\/","og_locale":"en_GB","og_type":"article","og_title":"Cadastro de Organiza\u00e7\u00e3o Parceira - Moedas Sociais Digitais","og_description":"Realize o cadastro de sua organiza\u00e7\u00e3o e torne-se parceiro do Projeto Moedas Sociais Digitais &#8211; MSD e participe de eventos exclusivos e testes de novas ferramentas online utilizando tecnologia blockchain.","og_url":"https:\/\/moedassociais.com\/en\/cadorg\/","og_site_name":"Moedas Sociais Digitais","article_modified_time":"2025-04-13T15:45:54+00:00","og_image":[{"width":1024,"height":576,"url":"https:\/\/moedassociais.com\/wp-content\/uploads\/2025\/04\/MSD-BG-2.jpg","type":"image\/jpeg"}],"twitter_card":"summary_large_image","twitter_misc":{"Estimated reading time":"1 minute"},"schema":{"@context":"https:\/\/schema.org","@graph":[{"@type":"WebPage","@id":"https:\/\/moedassociais.com\/cadorg\/","url":"https:\/\/moedassociais.com\/cadorg\/","name":"Partner Organization Registration - Digital Social Currencies","isPartOf":{"@id":"http:\/\/moedassociais.com\/#website"},"primaryImageOfPage":{"@id":"https:\/\/moedassociais.com\/cadorg\/#primaryimage"},"image":{"@id":"https:\/\/moedassociais.com\/cadorg\/#primaryimage"},"thumbnailUrl":"https:\/\/moedassociais.com\/wp-content\/uploads\/2025\/04\/MSD-BG-2.jpg","datePublished":"2024-10-13T20:06:38+00:00","dateModified":"2025-04-13T15:45:54+00:00","breadcrumb":{"@id":"https:\/\/moedassociais.com\/cadorg\/#breadcrumb"},"inLanguage":"en-GB","potentialAction":[{"@type":"ReadAction","target":["https:\/\/moedassociais.com\/cadorg\/"]}]},{"@type":"ImageObject","inLanguage":"en-GB","@id":"https:\/\/moedassociais.com\/cadorg\/#primaryimage","url":"https:\/\/moedassociais.com\/wp-content\/uploads\/2025\/04\/MSD-BG-2.jpg","contentUrl":"https:\/\/moedassociais.com\/wp-content\/uploads\/2025\/04\/MSD-BG-2.jpg","width":1024,"height":576},{"@type":"BreadcrumbList","@id":"https:\/\/moedassociais.com\/cadorg\/#breadcrumb","itemListElement":[{"@type":"ListItem","position":1,"name":"In\u00edcio","item":"http:\/\/moedassociais.com\/"},{"@type":"ListItem","position":2,"name":"Cadastro de Organiza\u00e7\u00e3o Parceira"}]},{"@type":"WebSite","@id":"http:\/\/moedassociais.com\/#website","url":"http:\/\/moedassociais.com\/","name":"Digital Social Currencies","description":"MSD","publisher":{"@id":"http:\/\/moedassociais.com\/#organization"},"potentialAction":[{"@type":"SearchAction","target":{"@type":"EntryPoint","urlTemplate":"http:\/\/moedassociais.com\/?s={search_term_string}"},"query-input":{"@type":"PropertyValueSpecification","valueRequired":true,"valueName":"search_term_string"}}],"inLanguage":"en-GB"},{"@type":"Organization","@id":"http:\/\/moedassociais.com\/#organization","name":"Digital Social Currencies","url":"http:\/\/moedassociais.com\/","logo":{"@type":"ImageObject","inLanguage":"en-GB","@id":"http:\/\/moedassociais.com\/#\/schema\/logo\/image\/","url":"https:\/\/moedassociais.com\/wp-content\/uploads\/2023\/11\/MSD-LOGO-V2.png","contentUrl":"https:\/\/moedassociais.com\/wp-content\/uploads\/2023\/11\/MSD-LOGO-V2.png","width":517,"height":148,"caption":"Moedas Sociais Digitais"},"image":{"@id":"http:\/\/moedassociais.com\/#\/schema\/logo\/image\/"}}]}},"_links":{"self":[{"href":"https:\/\/moedassociais.com\/en\/wp-json\/wp\/v2\/pages\/391","targetHints":{"allow":["GET"]}}],"collection":[{"href":"https:\/\/moedassociais.com\/en\/wp-json\/wp\/v2\/pages"}],"about":[{"href":"https:\/\/moedassociais.com\/en\/wp-json\/wp\/v2\/types\/page"}],"author":[{"embeddable":true,"href":"https:\/\/moedassociais.com\/en\/wp-json\/wp\/v2\/users\/1"}],"replies":[{"embeddable":true,"href":"https:\/\/moedassociais.com\/en\/wp-json\/wp\/v2\/comments?post=391"}],"version-history":[{"count":3,"href":"https:\/\/moedassociais.com\/en\/wp-json\/wp\/v2\/pages\/391\/revisions"}],"predecessor-version":[{"id":397,"href":"https:\/\/moedassociais.com\/en\/wp-json\/wp\/v2\/pages\/391\/revisions\/397"}],"wp:featuredmedia":[{"embeddable":true,"href":"https:\/\/moedassociais.com\/en\/wp-json\/wp\/v2\/media\/461"}],"wp:attachment":[{"href":"https:\/\/moedassociais.com\/en\/wp-json\/wp\/v2\/media?parent=391"}],"curies":[{"name":"wp","href":"https:\/\/api.w.org\/{rel}","templated":true}]}}