{"id":436,"date":"2025-03-25T10:57:50","date_gmt":"2025-03-25T13:57:50","guid":{"rendered":"https:\/\/moedassociais.com\/?page_id=436"},"modified":"2025-03-26T14:58:39","modified_gmt":"2025-03-26T17:58:39","slug":"video-conif-2025-msd","status":"publish","type":"page","link":"http:\/\/moedassociais.com\/en\/video-conif-2025-msd\/","title":{"rendered":"CONIF 2025 Video \u2013 MSD Platform Description"},"content":{"rendered":"<p>Simplified Description of the MSD Platform \u2013 <a href=\"http:\/\/msd.moedassociais.org\">msd.moedassociais.org<\/a><\/p>\n\n\n\n<figure class=\"wp-block-video\"><video controls src=\"https:\/\/moedassociais.com\/wp-content\/uploads\/2025\/03\/v2-CONIF-2025.mp4\"><\/video><\/figure>","protected":false},"excerpt":{"rendered":"<p>Simplified description of the MSD Platform \u2013 msd.moedassociais.org<\/p>","protected":false},"author":1,"featured_media":346,"parent":0,"menu_order":0,"comment_status":"closed","ping_status":"closed","template":"","meta":{"footnotes":""},"class_list":["post-436","page","type-page","status-publish","has-post-thumbnail","hentry"],"yoast_head":"<!-- This site is optimized with the Yoast SEO plugin v27.5 - https:\/\/yoast.com\/product\/yoast-seo-wordpress\/ -->\n<title>V\u00eddeo CONIF 2025 - Desri\u00e7\u00e3o Plataforma MSD - Moedas Sociais Digitais<\/title>\n<meta name=\"robots\" content=\"index, follow, max-snippet:-1, max-image-preview:large, max-video-preview:-1\" \/>\n<link rel=\"canonical\" href=\"http:\/\/moedassociais.com\/en\/video-conif-2025-msd\/\" \/>\n<meta property=\"og:locale\" content=\"en_GB\" \/>\n<meta property=\"og:type\" content=\"article\" \/>\n<meta property=\"og:title\" content=\"V\u00eddeo CONIF 2025 - Desri\u00e7\u00e3o Plataforma MSD - Moedas Sociais Digitais\" \/>\n<meta property=\"og:description\" content=\"Descri\u00e7\u00e3o simplificada da Plataforma MSD &#8211; msd.moedassociais.org\" \/>\n<meta property=\"og:url\" content=\"http:\/\/moedassociais.com\/en\/video-conif-2025-msd\/\" \/>\n<meta property=\"og:site_name\" content=\"Moedas Sociais Digitais\" \/>\n<meta property=\"article:modified_time\" content=\"2025-03-26T17:58:39+00:00\" \/>\n<meta property=\"og:image\" content=\"http:\/\/moedassociais.com\/wp-content\/uploads\/2023\/11\/MSD-LOGO-V2.png\" \/>\n\t<meta property=\"og:image:width\" content=\"517\" \/>\n\t<meta property=\"og:image:height\" content=\"148\" \/>\n\t<meta property=\"og:image:type\" content=\"image\/png\" \/>\n<meta name=\"twitter:card\" content=\"summary_large_image\" \/>\n<meta name=\"twitter:label1\" content=\"Estimated reading time\" \/>\n\t<meta name=\"twitter:data1\" content=\"1 minute\" \/>\n<script type=\"application\/ld+json\" class=\"yoast-schema-graph\">{\"@context\":\"https:\\\/\\\/schema.org\",\"@graph\":[{\"@type\":\"WebPage\",\"@id\":\"http:\\\/\\\/moedassociais.com\\\/en\\\/video-conif-2025-msd\\\/\",\"url\":\"http:\\\/\\\/moedassociais.com\\\/en\\\/video-conif-2025-msd\\\/\",\"name\":\"V\u00eddeo CONIF 2025 - Desri\u00e7\u00e3o Plataforma MSD - Moedas Sociais Digitais\",\"isPartOf\":{\"@id\":\"http:\\\/\\\/moedassociais.com\\\/#website\"},\"primaryImageOfPage\":{\"@id\":\"http:\\\/\\\/moedassociais.com\\\/en\\\/video-conif-2025-msd\\\/#primaryimage\"},\"image\":{\"@id\":\"http:\\\/\\\/moedassociais.com\\\/en\\\/video-conif-2025-msd\\\/#primaryimage\"},\"thumbnailUrl\":\"http:\\\/\\\/moedassociais.com\\\/wp-content\\\/uploads\\\/2023\\\/11\\\/MSD-LOGO-V2.png\",\"datePublished\":\"2025-03-25T13:57:50+00:00\",\"dateModified\":\"2025-03-26T17:58:39+00:00\",\"breadcrumb\":{\"@id\":\"http:\\\/\\\/moedassociais.com\\\/en\\\/video-conif-2025-msd\\\/#breadcrumb\"},\"inLanguage\":\"en-GB\",\"potentialAction\":[{\"@type\":\"ReadAction\",\"target\":[\"http:\\\/\\\/moedassociais.com\\\/en\\\/video-conif-2025-msd\\\/\"]}]},{\"@type\":\"ImageObject\",\"inLanguage\":\"en-GB\",\"@id\":\"http:\\\/\\\/moedassociais.com\\\/en\\\/video-conif-2025-msd\\\/#primaryimage\",\"url\":\"http:\\\/\\\/moedassociais.com\\\/wp-content\\\/uploads\\\/2023\\\/11\\\/MSD-LOGO-V2.png\",\"contentUrl\":\"http:\\\/\\\/moedassociais.com\\\/wp-content\\\/uploads\\\/2023\\\/11\\\/MSD-LOGO-V2.png\",\"width\":517,\"height\":148},{\"@type\":\"BreadcrumbList\",\"@id\":\"http:\\\/\\\/moedassociais.com\\\/en\\\/video-conif-2025-msd\\\/#breadcrumb\",\"itemListElement\":[{\"@type\":\"ListItem\",\"position\":1,\"name\":\"In\u00edcio\",\"item\":\"http:\\\/\\\/moedassociais.com\\\/\"},{\"@type\":\"ListItem\",\"position\":2,\"name\":\"V\u00eddeo CONIF 2025 &#8211; Desri\u00e7\u00e3o Plataforma MSD\"}]},{\"@type\":\"WebSite\",\"@id\":\"http:\\\/\\\/moedassociais.com\\\/#website\",\"url\":\"http:\\\/\\\/moedassociais.com\\\/\",\"name\":\"Moedas Sociais Digitais\",\"description\":\"MSD\",\"publisher\":{\"@id\":\"http:\\\/\\\/moedassociais.com\\\/#organization\"},\"potentialAction\":[{\"@type\":\"SearchAction\",\"target\":{\"@type\":\"EntryPoint\",\"urlTemplate\":\"http:\\\/\\\/moedassociais.com\\\/?s={search_term_string}\"},\"query-input\":{\"@type\":\"PropertyValueSpecification\",\"valueRequired\":true,\"valueName\":\"search_term_string\"}}],\"inLanguage\":\"en-GB\"},{\"@type\":\"Organization\",\"@id\":\"http:\\\/\\\/moedassociais.com\\\/#organization\",\"name\":\"Moedas Sociais Digitais\",\"url\":\"http:\\\/\\\/moedassociais.com\\\/\",\"logo\":{\"@type\":\"ImageObject\",\"inLanguage\":\"en-GB\",\"@id\":\"http:\\\/\\\/moedassociais.com\\\/#\\\/schema\\\/logo\\\/image\\\/\",\"url\":\"http:\\\/\\\/moedassociais.com\\\/wp-content\\\/uploads\\\/2023\\\/11\\\/MSD-LOGO-V2.png\",\"contentUrl\":\"http:\\\/\\\/moedassociais.com\\\/wp-content\\\/uploads\\\/2023\\\/11\\\/MSD-LOGO-V2.png\",\"width\":517,\"height\":148,\"caption\":\"Moedas Sociais Digitais\"},\"image\":{\"@id\":\"http:\\\/\\\/moedassociais.com\\\/#\\\/schema\\\/logo\\\/image\\\/\"}}]}<\/script>\n<!-- \/ Yoast SEO plugin. -->","yoast_head_json":{"title":"CONIF 2025 Video - MSD Platform Description - Digital Social Currencies","robots":{"index":"index","follow":"follow","max-snippet":"max-snippet:-1","max-image-preview":"max-image-preview:large","max-video-preview":"max-video-preview:-1"},"canonical":"http:\/\/moedassociais.com\/en\/video-conif-2025-msd\/","og_locale":"en_GB","og_type":"article","og_title":"V\u00eddeo CONIF 2025 - Desri\u00e7\u00e3o Plataforma MSD - Moedas Sociais Digitais","og_description":"Descri\u00e7\u00e3o simplificada da Plataforma MSD &#8211; msd.moedassociais.org","og_url":"http:\/\/moedassociais.com\/en\/video-conif-2025-msd\/","og_site_name":"Moedas Sociais Digitais","article_modified_time":"2025-03-26T17:58:39+00:00","og_image":[{"width":517,"height":148,"url":"http:\/\/moedassociais.com\/wp-content\/uploads\/2023\/11\/MSD-LOGO-V2.png","type":"image\/png"}],"twitter_card":"summary_large_image","twitter_misc":{"Estimated reading time":"1 minute"},"schema":{"@context":"https:\/\/schema.org","@graph":[{"@type":"WebPage","@id":"http:\/\/moedassociais.com\/en\/video-conif-2025-msd\/","url":"http:\/\/moedassociais.com\/en\/video-conif-2025-msd\/","name":"CONIF 2025 Video - MSD Platform Description - Digital Social Currencies","isPartOf":{"@id":"http:\/\/moedassociais.com\/#website"},"primaryImageOfPage":{"@id":"http:\/\/moedassociais.com\/en\/video-conif-2025-msd\/#primaryimage"},"image":{"@id":"http:\/\/moedassociais.com\/en\/video-conif-2025-msd\/#primaryimage"},"thumbnailUrl":"http:\/\/moedassociais.com\/wp-content\/uploads\/2023\/11\/MSD-LOGO-V2.png","datePublished":"2025-03-25T13:57:50+00:00","dateModified":"2025-03-26T17:58:39+00:00","breadcrumb":{"@id":"http:\/\/moedassociais.com\/en\/video-conif-2025-msd\/#breadcrumb"},"inLanguage":"en-GB","potentialAction":[{"@type":"ReadAction","target":["http:\/\/moedassociais.com\/en\/video-conif-2025-msd\/"]}]},{"@type":"ImageObject","inLanguage":"en-GB","@id":"http:\/\/moedassociais.com\/en\/video-conif-2025-msd\/#primaryimage","url":"http:\/\/moedassociais.com\/wp-content\/uploads\/2023\/11\/MSD-LOGO-V2.png","contentUrl":"http:\/\/moedassociais.com\/wp-content\/uploads\/2023\/11\/MSD-LOGO-V2.png","width":517,"height":148},{"@type":"BreadcrumbList","@id":"http:\/\/moedassociais.com\/en\/video-conif-2025-msd\/#breadcrumb","itemListElement":[{"@type":"ListItem","position":1,"name":"In\u00edcio","item":"http:\/\/moedassociais.com\/"},{"@type":"ListItem","position":2,"name":"V\u00eddeo CONIF 2025 &#8211; Desri\u00e7\u00e3o Plataforma MSD"}]},{"@type":"WebSite","@id":"http:\/\/moedassociais.com\/#website","url":"http:\/\/moedassociais.com\/","name":"Digital Social Currencies","description":"MSD","publisher":{"@id":"http:\/\/moedassociais.com\/#organization"},"potentialAction":[{"@type":"SearchAction","target":{"@type":"EntryPoint","urlTemplate":"http:\/\/moedassociais.com\/?s={search_term_string}"},"query-input":{"@type":"PropertyValueSpecification","valueRequired":true,"valueName":"search_term_string"}}],"inLanguage":"en-GB"},{"@type":"Organization","@id":"http:\/\/moedassociais.com\/#organization","name":"Digital Social Currencies","url":"http:\/\/moedassociais.com\/","logo":{"@type":"ImageObject","inLanguage":"en-GB","@id":"http:\/\/moedassociais.com\/#\/schema\/logo\/image\/","url":"http:\/\/moedassociais.com\/wp-content\/uploads\/2023\/11\/MSD-LOGO-V2.png","contentUrl":"http:\/\/moedassociais.com\/wp-content\/uploads\/2023\/11\/MSD-LOGO-V2.png","width":517,"height":148,"caption":"Moedas Sociais Digitais"},"image":{"@id":"http:\/\/moedassociais.com\/#\/schema\/logo\/image\/"}}]}},"_links":{"self":[{"href":"http:\/\/moedassociais.com\/en\/wp-json\/wp\/v2\/pages\/436","targetHints":{"allow":["GET"]}}],"collection":[{"href":"http:\/\/moedassociais.com\/en\/wp-json\/wp\/v2\/pages"}],"about":[{"href":"http:\/\/moedassociais.com\/en\/wp-json\/wp\/v2\/types\/page"}],"author":[{"embeddable":true,"href":"http:\/\/moedassociais.com\/en\/wp-json\/wp\/v2\/users\/1"}],"replies":[{"embeddable":true,"href":"http:\/\/moedassociais.com\/en\/wp-json\/wp\/v2\/comments?post=436"}],"version-history":[{"count":5,"href":"http:\/\/moedassociais.com\/en\/wp-json\/wp\/v2\/pages\/436\/revisions"}],"predecessor-version":[{"id":452,"href":"http:\/\/moedassociais.com\/en\/wp-json\/wp\/v2\/pages\/436\/revisions\/452"}],"wp:featuredmedia":[{"embeddable":true,"href":"http:\/\/moedassociais.com\/en\/wp-json\/wp\/v2\/media\/346"}],"wp:attachment":[{"href":"http:\/\/moedassociais.com\/en\/wp-json\/wp\/v2\/media?parent=436"}],"curies":[{"name":"wp","href":"https:\/\/api.w.org\/{rel}","templated":true}]}}